{"id":2,"date":"2020-05-21T16:32:15","date_gmt":"2020-05-21T14:32:15","guid":{"rendered":"http:\/\/nellypinabel.fr\/?page_id=2"},"modified":"2025-07-10T15:21:49","modified_gmt":"2025-07-10T13:21:49","slug":"page-d-exemple","status":"publish","type":"page","link":"https:\/\/nellypinabel.fr\/","title":{"rendered":"Bienvenue"},"content":{"rendered":"\n<p class=\"has-text-align-center has-white-color has-text-color\"><em>Photographe sp\u00e9cialis\u00e9e dans la photographie de Maternit\u00e9, Nouveau N\u00e9, <\/em>Famille depuis 2018<\/p>\n\n\n\n<p class=\"has-text-align-center has-white-color has-text-color\">Le studio re\u00e7oit uniquement sur rendez-vous afin de prendre le temps n\u00e9cessaire pour chaque famille.<br><\/p>\n\n\n\n<figure class=\"wp-block-image size-large is-style-rounded\"><img src=\"https:\/\/nellypinabel.fr\/wp-content\/uploads\/2025\/02\/ENFANTS-2-1024x683.jpg\" alt=\"\" class=\"wp-image-2171\"\/><\/figure>\n\n\n\n<p class=\"has-text-align-center has-white-color has-text-color\">Hello !  un petit bout de moi, alors. moi c&rsquo;est Lyly, piti\u00e9 pas de MME, je prend 30 ans dans la vue \u00e0 chaque fois que j&rsquo;entends \u00ab\u00a0demande \u00e0 la Madame\u00a0\u00bb  \ud83d\ude09<\/p>\n\n\n\n<p class=\"has-text-align-center has-white-color has-text-color\">Maman de (la surprenante) Lise 12 ans, ( la fus\u00e9e) Alban 7 ans et d&rsquo;une petite (guerri\u00e8re) Garance de 3 ans, je suis entrepreneuse et maman active avec tout ce petit monde, c&rsquo;est parfois la course certe mais cela m&rsquo;anime pleinement&#8230;<\/p>\n\n\n\n<p class=\"has-text-align-center has-white-color has-text-color\"> Maman de 3 enfants et initialement dans le corp m\u00e9dical (proche des autres) permettre aux familles d&rsquo;immortaliser leurs plus beaux souvenirs \u00e9tait une \u00e9vidence,  en prenant bien soin de garder toute la spontan\u00e9it\u00e9 de votre famille c&rsquo;est tr\u00e8s important pour moi afin de poser le moins possible, je d\u00e9teste les photos pos\u00e9es \ud83d\ude09 <\/p>\n\n\n\n<p>R\u00e9server vous aussi, vos souvenirs en me contactant par mails dans la rubrique \u00ab\u00a0Contact\u00a0\u00bb Belle journ\u00e9e, LYLY ( Cocon&amp;Lumi\u00e8re) sur INSTA\/FB<\/p>\n\n\n\n<div class=\"wp-block-group\"><div class=\"wp-block-group__inner-container\">\n<p class=\"has-text-align-center\"><em>Photos prim\u00e9es lors de concours internationaux<\/em><\/p>\n<\/div><\/div>\n\n\n\n<figure class=\"wp-block-gallery aligncenter columns-3 is-cropped\"><ul class=\"blocks-gallery-grid\"><li class=\"blocks-gallery-item\"><figure><img loading=\"lazy\" width=\"1024\" height=\"683\" src=\"https:\/\/nellypinabel.fr\/wp-content\/uploads\/2020\/11\/prix1-1024x683.jpg\" alt=\"\" data-id=\"439\" class=\"wp-image-439\" srcset=\"https:\/\/nellypinabel.fr\/wp-content\/uploads\/2020\/11\/prix1-1024x683.jpg 1024w, https:\/\/nellypinabel.fr\/wp-content\/uploads\/2020\/11\/prix1-300x200.jpg 300w, https:\/\/nellypinabel.fr\/wp-content\/uploads\/2020\/11\/prix1-768x512.jpg 768w, https:\/\/nellypinabel.fr\/wp-content\/uploads\/2020\/11\/prix1-1536x1024.jpg 1536w, https:\/\/nellypinabel.fr\/wp-content\/uploads\/2020\/11\/prix1-990x660.jpg 990w, https:\/\/nellypinabel.fr\/wp-content\/uploads\/2020\/11\/prix1.jpg 2048w\" sizes=\"(max-width: 1024px) 100vw, 1024px\" \/><\/figure><\/li><li class=\"blocks-gallery-item\"><figure><img loading=\"lazy\" width=\"1024\" height=\"683\" src=\"https:\/\/nellypinabel.fr\/wp-content\/uploads\/2022\/01\/bronze-02-1024x683.jpg\" alt=\"\" data-id=\"741\" data-link=\"https:\/\/nellypinabel.fr\/?attachment_id=741\" class=\"wp-image-741\" srcset=\"https:\/\/nellypinabel.fr\/wp-content\/uploads\/2022\/01\/bronze-02-1024x683.jpg 1024w, https:\/\/nellypinabel.fr\/wp-content\/uploads\/2022\/01\/bronze-02-300x200.jpg 300w, https:\/\/nellypinabel.fr\/wp-content\/uploads\/2022\/01\/bronze-02-768x512.jpg 768w, https:\/\/nellypinabel.fr\/wp-content\/uploads\/2022\/01\/bronze-02-1536x1024.jpg 1536w, https:\/\/nellypinabel.fr\/wp-content\/uploads\/2022\/01\/bronze-02-990x660.jpg 990w, https:\/\/nellypinabel.fr\/wp-content\/uploads\/2022\/01\/bronze-02.jpg 2048w\" sizes=\"(max-width: 1024px) 100vw, 1024px\" \/><\/figure><\/li><li class=\"blocks-gallery-item\"><figure><img loading=\"lazy\" width=\"1024\" height=\"683\" src=\"https:\/\/nellypinabel.fr\/wp-content\/uploads\/2022\/01\/argent-03-1-1024x683.jpg\" alt=\"\" data-id=\"742\" data-link=\"https:\/\/nellypinabel.fr\/?attachment_id=742\" class=\"wp-image-742\" srcset=\"https:\/\/nellypinabel.fr\/wp-content\/uploads\/2022\/01\/argent-03-1-1024x683.jpg 1024w, https:\/\/nellypinabel.fr\/wp-content\/uploads\/2022\/01\/argent-03-1-300x200.jpg 300w, https:\/\/nellypinabel.fr\/wp-content\/uploads\/2022\/01\/argent-03-1-768x512.jpg 768w, https:\/\/nellypinabel.fr\/wp-content\/uploads\/2022\/01\/argent-03-1-1536x1024.jpg 1536w, https:\/\/nellypinabel.fr\/wp-content\/uploads\/2022\/01\/argent-03-1-990x660.jpg 990w, https:\/\/nellypinabel.fr\/wp-content\/uploads\/2022\/01\/argent-03-1.jpg 2048w\" sizes=\"(max-width: 1024px) 100vw, 1024px\" \/><\/figure><\/li><li class=\"blocks-gallery-item\"><figure><img loading=\"lazy\" width=\"732\" height=\"1024\" src=\"https:\/\/nellypinabel.fr\/wp-content\/uploads\/2022\/01\/bronze-01-732x1024.jpg\" alt=\"\" data-id=\"752\" data-full-url=\"https:\/\/nellypinabel.fr\/wp-content\/uploads\/2022\/01\/bronze-01.jpg\" data-link=\"https:\/\/nellypinabel.fr\/?attachment_id=752\" class=\"wp-image-752\" srcset=\"https:\/\/nellypinabel.fr\/wp-content\/uploads\/2022\/01\/bronze-01-732x1024.jpg 732w, https:\/\/nellypinabel.fr\/wp-content\/uploads\/2022\/01\/bronze-01-214x300.jpg 214w, https:\/\/nellypinabel.fr\/wp-content\/uploads\/2022\/01\/bronze-01-768x1075.jpg 768w, https:\/\/nellypinabel.fr\/wp-content\/uploads\/2022\/01\/bronze-01-1097x1536.jpg 1097w, https:\/\/nellypinabel.fr\/wp-content\/uploads\/2022\/01\/bronze-01-471x660.jpg 471w, https:\/\/nellypinabel.fr\/wp-content\/uploads\/2022\/01\/bronze-01.jpg 1463w\" sizes=\"(max-width: 732px) 100vw, 732px\" \/><\/figure><\/li><\/ul><\/figure>\n\n\n\n<p> <\/p>\n","protected":false},"excerpt":{"rendered":"<p>Photographe sp\u00e9cialis\u00e9e dans la photographie de Maternit\u00e9, Nouveau N\u00e9, Famille depuis 2018 Le studio re\u00e7oit uniquement sur rendez-vous afin de &hellip; <a href=\"https:\/\/nellypinabel.fr\/\" class=\"more-link\"><span class=\"more-button\">Continue Reading<span class=\"screen-reader-text\">Bienvenue<\/span><\/span><\/a><\/p>\n","protected":false},"author":1,"featured_media":0,"parent":0,"menu_order":1,"comment_status":"closed","ping_status":"closed","template":"","meta":[],"_links":{"self":[{"href":"https:\/\/nellypinabel.fr\/index.php?rest_route=\/wp\/v2\/pages\/2"}],"collection":[{"href":"https:\/\/nellypinabel.fr\/index.php?rest_route=\/wp\/v2\/pages"}],"about":[{"href":"https:\/\/nellypinabel.fr\/index.php?rest_route=\/wp\/v2\/types\/page"}],"author":[{"embeddable":true,"href":"https:\/\/nellypinabel.fr\/index.php?rest_route=\/wp\/v2\/users\/1"}],"replies":[{"embeddable":true,"href":"https:\/\/nellypinabel.fr\/index.php?rest_route=%2Fwp%2Fv2%2Fcomments&post=2"}],"version-history":[{"count":45,"href":"https:\/\/nellypinabel.fr\/index.php?rest_route=\/wp\/v2\/pages\/2\/revisions"}],"predecessor-version":[{"id":2236,"href":"https:\/\/nellypinabel.fr\/index.php?rest_route=\/wp\/v2\/pages\/2\/revisions\/2236"}],"wp:attachment":[{"href":"https:\/\/nellypinabel.fr\/index.php?rest_route=%2Fwp%2Fv2%2Fmedia&parent=2"}],"curies":[{"name":"wp","href":"https:\/\/api.w.org\/{rel}","templated":true}]}}